{"id":398,"date":"2021-06-20T11:50:42","date_gmt":"2021-06-20T11:50:42","guid":{"rendered":"https:\/\/danskirdagar.stykkisholmur.is\/?page_id=398"},"modified":"2023-06-08T11:00:32","modified_gmt":"2023-06-08T11:00:32","slug":"opnunartimar","status":"publish","type":"page","link":"https:\/\/danskirdagar.stykkisholmur.is\/?page_id=398","title":{"rendered":"Opnunart\u00edmar"},"content":{"rendered":"\n<div class=\"wp-block-cover alignfull is-light\" style=\"min-height:472px;aspect-ratio:unset;\"><span aria-hidden=\"true\" class=\"wp-block-cover__background has-background-dim\"><\/span><img loading=\"lazy\" decoding=\"async\" width=\"1400\" height=\"932\" class=\"wp-block-cover__image-background wp-image-324\" alt=\"\" src=\"https:\/\/danskirdagar.stykkisholmur.is\/wp-content\/uploads\/2021\/06\/Sugandisey.jpg\" style=\"object-position:46% 48%\" data-object-fit=\"cover\" data-object-position=\"46% 48%\" srcset=\"https:\/\/danskirdagar.stykkisholmur.is\/wp-content\/uploads\/2021\/06\/Sugandisey.jpg 1400w, https:\/\/danskirdagar.stykkisholmur.is\/wp-content\/uploads\/2021\/06\/Sugandisey-300x200.jpg 300w, https:\/\/danskirdagar.stykkisholmur.is\/wp-content\/uploads\/2021\/06\/Sugandisey-1024x682.jpg 1024w, https:\/\/danskirdagar.stykkisholmur.is\/wp-content\/uploads\/2021\/06\/Sugandisey-768x511.jpg 768w, https:\/\/danskirdagar.stykkisholmur.is\/wp-content\/uploads\/2021\/06\/Sugandisey-930x620.jpg 930w\" sizes=\"auto, (max-width: 1400px) 100vw, 1400px\" \/><div class=\"wp-block-cover__inner-container is-layout-flow wp-block-cover-is-layout-flow\">\n<h1 class=\"wp-block-heading has-text-align-center has-nv-text-dark-bg-color has-text-color\">\u00dej\u00f3nustua\u00f0ilar<\/h1>\n\n\n\n<p><\/p>\n<\/div><\/div>\n\n\n\n<div style=\"height:71px\" aria-hidden=\"true\" class=\"wp-block-spacer\"><\/div>\n\n\n\n<div class=\"wp-block-columns is-layout-flex wp-container-core-columns-is-layout-9d6595d7 wp-block-columns-is-layout-flex\">\n<div class=\"wp-block-column is-layout-flow wp-block-column-is-layout-flow\">\n<figure class=\"wp-block-table\"><table><tbody><tr><td><strong>\u00dej\u00f3nustua\u00f0ilar<\/strong><\/td><td><strong>TOR<\/strong><\/td><td><strong>FRE<\/strong><\/td><td><strong>L\u00d8R<\/strong><\/td><td><strong>S\u00d8N<\/strong><\/td><\/tr><tr><td>B\u00f3nus<\/td><td>10-19<\/td><td>10-19<\/td><td>10-19<\/td><td>10-19<\/td><\/tr><tr><td>Dekk og smur<\/td><td>8-17<\/td><td>8-17<\/td><td>Bakvakt<\/td><td>s. 895 2324<\/td><\/tr><tr><td>Fossh\u00f3tel (veitingarsta\u00f0ur)<\/td><td>18-22<\/td><td>12-15<br>18-22<\/td><td>12-15<br>18-22<\/td><td>18-22<\/td><\/tr><tr><td>Galler\u00ed Lundi<\/td><td>12:30-18<\/td><td>12:30-18<\/td><td>12:30-18<\/td><td>12:30-18<\/td><\/tr><tr><td>Hafnarvagninn Fish &amp; Chips<\/td><td>12-20<\/td><td>12-20<\/td><td>12-20<\/td><td>12-20<\/td><\/tr><tr><td>H\u00e1rstofan<\/td><td>9-18<\/td><td>9-18<\/td><td>LUKKET<\/td><td>LUKKET<\/td><\/tr><tr><td>H\u00f3tel Egilsen<\/td><td>15-23<\/td><td>15-23<\/td><td>15-23<\/td><td>15-23<\/td><\/tr><tr><td>\u00cdskofinn<\/td><td>12-22<\/td><td>12-22<\/td><td>12-22<\/td><td>12-22<\/td><\/tr><tr><td>Kram<\/td><td>12-18<\/td><td>12-18<\/td><td>13-16<\/td><td>LUKKET<\/td><\/tr><tr><td>Lyfja<\/td><td>12-18<\/td><td>12-18<\/td><td>LUKKET<\/td><td>LUKKET<\/td><\/tr><tr><td>Meistarinn<\/td><td>12-20<\/td><td>12-<\/td><td>12-<\/td><td>12-20<\/td><\/tr><tr><td>Narfeyrarstofa<\/td><td>12-01<\/td><td>12-01<\/td><td>12-01<\/td><td>12-01<\/td><\/tr><tr><td>Nesbrau\u00f0<\/td><td>7:30-16<\/td><td>7:30-16<\/td><td>8-16<\/td><td>8-16<\/td><\/tr><tr><td>Norska h\u00fasi\u00f0 &#8211; Bygg\u00f0asafn<\/td><td>11-17<\/td><td>11-17<\/td><td>11-17<\/td><td>11-17<\/td><\/tr><tr><td>Sj\u00e1varborg kaffih\u00fas<\/td><td>10-17<\/td><td>10-17<\/td><td>10-17<\/td><td>10-17<\/td><\/tr><tr><td>Sj\u00e1varpakkh\u00fasi\u00f0<\/td><td>18-23<\/td><td>18-23<\/td><td>18-23<\/td><td>18-23<\/td><\/tr><tr><td>Skipav\u00edk verslun<\/td><td>9-18<\/td><td>9-18<\/td><td>11-14<\/td><td>LUKKET<\/td><\/tr><tr><td>Skipper<\/td><td>12-23<\/td><td>12-23<\/td><td>12-23<\/td><td>12-23<\/td><\/tr><tr><td>Sk\u00farinn<\/td><td>10-22<\/td><td>10-22<\/td><td>10-22<\/td><td>10-22<\/td><\/tr><tr><td>Sundlaug<\/td><td>7-22<\/td><td>7-19<\/td><td>10-18<\/td><td>10-18<\/td><\/tr><tr><td>S\u00e6fer\u00f0ir verslun<\/td><td>9-18<\/td><td>9-18<\/td><td>8-16<\/td><td>9-18<\/td><\/tr><tr><td>Vatnasafn<\/td><td>11-17<\/td><td>11-17<\/td><td>11-17<\/td><td>11-17<\/td><\/tr><tr><td>V\u00ednb\u00fa\u00f0in<\/td><td>14-18<\/td><td>13-19<\/td><td>11-14<\/td><td>LUKKET<\/td><\/tr><\/tbody><\/table><\/figure>\n<\/div>\n<\/div>\n","protected":false},"excerpt":{"rendered":"<p>\u00dej\u00f3nustua\u00f0ilar TOR FRE L\u00d8R S\u00d8N B\u00f3nus 10-19 10-19 10-19 10-19 Dekk og smur 8-17 8-17 Bakvakt s. 895 2324 Fossh\u00f3tel (veitingarsta\u00f0ur) 18-22 12-1518-22 12-1518-22 18-22 Galler\u00ed Lundi 12:30-18 12:30-18 12:30-18 12:30-18 Hafnarvagninn Fish &amp; Chips 12-20 12-20 12-20 12-20 H\u00e1rstofan 9-18 9-18 LUKKET LUKKET H\u00f3tel Egilsen 15-23 15-23 15-23 15-23 \u00cdskofinn 12-22 12-22 12-22 12-22&hellip;&nbsp;<a href=\"https:\/\/danskirdagar.stykkisholmur.is\/?page_id=398\" rel=\"bookmark\">Read More &raquo;<span class=\"screen-reader-text\">Opnunart\u00edmar<\/span><\/a><\/p>\n","protected":false},"author":3,"featured_media":0,"parent":0,"menu_order":0,"comment_status":"closed","ping_status":"closed","template":"","meta":{"neve_meta_sidebar":"full-width","neve_meta_container":"default","neve_meta_enable_content_width":"on","neve_meta_content_width":100,"neve_meta_title_alignment":"","neve_meta_author_avatar":"","neve_post_elements_order":"","neve_meta_disable_header":"","neve_meta_disable_footer":"","neve_meta_disable_title":"on","footnotes":""},"class_list":["post-398","page","type-page","status-publish","hentry"],"_links":{"self":[{"href":"https:\/\/danskirdagar.stykkisholmur.is\/index.php?rest_route=\/wp\/v2\/pages\/398","targetHints":{"allow":["GET"]}}],"collection":[{"href":"https:\/\/danskirdagar.stykkisholmur.is\/index.php?rest_route=\/wp\/v2\/pages"}],"about":[{"href":"https:\/\/danskirdagar.stykkisholmur.is\/index.php?rest_route=\/wp\/v2\/types\/page"}],"author":[{"embeddable":true,"href":"https:\/\/danskirdagar.stykkisholmur.is\/index.php?rest_route=\/wp\/v2\/users\/3"}],"replies":[{"embeddable":true,"href":"https:\/\/danskirdagar.stykkisholmur.is\/index.php?rest_route=%2Fwp%2Fv2%2Fcomments&post=398"}],"version-history":[{"count":5,"href":"https:\/\/danskirdagar.stykkisholmur.is\/index.php?rest_route=\/wp\/v2\/pages\/398\/revisions"}],"predecessor-version":[{"id":432,"href":"https:\/\/danskirdagar.stykkisholmur.is\/index.php?rest_route=\/wp\/v2\/pages\/398\/revisions\/432"}],"wp:attachment":[{"href":"https:\/\/danskirdagar.stykkisholmur.is\/index.php?rest_route=%2Fwp%2Fv2%2Fmedia&parent=398"}],"curies":[{"name":"wp","href":"https:\/\/api.w.org\/{rel}","templated":true}]}}